{"id":37,"date":"2025-07-05T13:28:58","date_gmt":"2025-07-05T13:28:58","guid":{"rendered":"https:\/\/test.mtcge.ch\/?page_id=37"},"modified":"2025-08-28T22:55:50","modified_gmt":"2025-08-28T22:55:50","slug":"diagnostic","status":"publish","type":"page","link":"https:\/\/mtcge.ch\/en\/diagnostic\/","title":{"rendered":"Diagnosis"},"content":{"rendered":"<p>[et_pb_section fb_built=\u00a0\u00bb1&Prime; _builder_version=\u00a0\u00bb4.27.4&Prime; _module_preset=\u00a0\u00bbdefault\u00a0\u00bb use_background_color_gradient=\u00a0\u00bbon\u00a0\u00bb background_color_gradient_direction=\u00a0\u00bb90deg\u00a0\u00bb background_color_gradient_stops=\u00a0\u00bb#ffffff 0%|#dceed1 100%\u00a0\u00bb animation_style=\u00a0\u00bbfade\u00a0\u00bb locked=\u00a0\u00bboff\u00a0\u00bb global_colors_info=\u00a0\u00bb{}\u00a0\u00bb][et_pb_row _builder_version=\u00a0\u00bb4.27.4&Prime; _module_preset=\u00a0\u00bbdefault\u00a0\u00bb global_colors_info=\u00a0\u00bb{}\u00a0\u00bb][et_pb_column type=\u00a0\u00bb4_4&Prime; _builder_version=\u00a0\u00bb4.27.4&Prime; _module_preset=\u00a0\u00bbdefault\u00a0\u00bb global_colors_info=\u00a0\u00bb{}\u00a0\u00bb][et_pb_text _builder_version=\u00a0\u00bb4.27.4&Prime; _module_preset=\u00a0\u00bbdefault\u00a0\u00bb hover_enabled=\u00a0\u00bb0&Prime; global_colors_info=\u00a0\u00bb{}\u00a0\u00bb sticky_enabled=\u00a0\u00bb0&Prime;]<\/p>\n<h1><strong>Diagnostic | MTC Sant\u00e9<\/strong><\/h1>\n<p>[\/et_pb_text][\/et_pb_column][\/et_pb_row][et_pb_row _builder_version=\u00a0\u00bb4.27.4&Prime; _module_preset=\u00a0\u00bbdefault\u00a0\u00bb global_colors_info=\u00a0\u00bb{}\u00a0\u00bb][et_pb_column type=\u00a0\u00bb4_4&Prime; _builder_version=\u00a0\u00bb4.27.4&Prime; _module_preset=\u00a0\u00bbdefault\u00a0\u00bb global_colors_info=\u00a0\u00bb{}\u00a0\u00bb][et_pb_text _builder_version=\u00a0\u00bb4.27.4&Prime; _module_preset=\u00a0\u00bbdefault\u00a0\u00bb text_font_size=\u00a0\u00bb20px\u00a0\u00bb text_line_height=\u00a0\u00bb1.72em\u00a0\u00bb global_colors_info=\u00a0\u00bb{}\u00a0\u00bb]<\/p>\n<p><span>Le diagnostic est une m\u00e9thode destin\u00e9e \u00e0 analyser une maladie et \u00e0 recueillir des informations sur l\u2019\u00e9tat du patient. Les principales m\u00e9thodes du diagnostic en m\u00e9decine traditionnelle chinoise sont l\u2019observation, l\u2019auscultation, l\u2019interrogation et la palpation. On les appelle les quatre examens.<\/p>\n<p><\/span><span>Observation<\/span><span>\u00a0: Teint, yeux, ongles, cheveux, respiration, \u00e9tat \u00e9motif, selles et autres excr\u00e9tions, etc. La langue est une source majeure de renseignements, tant par son volume, sa forme, sa couleur, sa texture, que par les caract\u00e9ristiques de l&rsquo;enduit blanch\u00e2tre qui la recouvre.<\/p>\n<p><\/span><span>Auscultation<\/span><span> : haleine, son de la voix, son de la marche ,etc. <\/p>\n<p><\/span><span>Interrogation<\/span><span>\u00a0: Interrogation sur les malaises, les ant\u00e9c\u00e9dents familiaux, le sommeil, l&rsquo;app\u00e9tit, etc.<\/p>\n<p><\/span><span>Palpation<\/span><span>\u00a0: Texture, humidit\u00e9, temp\u00e9rature et \u00e9lasticit\u00e9 de la peau; tonus musculaire; excitabilit\u00e9 des tissus, etc. Le pouls est \u00e9galement un mode de diagnostic fondamental, car il permet d\u2019examiner le Qi. En effet, c&rsquo;est gr\u00e2ce \u00e0 la force du Qi que le sang circule. Le praticien prend 3\u00a0pouls diff\u00e9rents, avec 3\u00a0doigts, sur l&rsquo;art\u00e8re de chaque poignet. Le premier pouls donne de l&rsquo;information sur la poitrine, le deuxi\u00e8me sur le haut de l&rsquo;abdomen, le troisi\u00e8me sur le bas de l&rsquo;abdomen. Au poignet gauche correspondent les organes Yin et au poignet droit, les organes Yang. On attribue diff\u00e9rentes caract\u00e9ristiques aux pouls (rapide, flottant, percutant, faible, vigoureux, fluide, noy\u00e9, etc.), chacune \u00e9tant un indice. Certaines caract\u00e9ristiques peuvent se combiner.<br \/><\/span><span><br \/>Pour interpr\u00e9ter les donn\u00e9es, le praticien doit se r\u00e9f\u00e9rer aux huit\u00a0principes directeurs\u00a0: Yin\/Yang, Chaud\/Froid, Vide\/Exc\u00e8s, Int\u00e9rieur\/Ext\u00e9rieur. Avec ceux-ci, il pourra d\u00e9terminer les caract\u00e9ristiques (\u00e9tat, qualit\u00e9, situation) du Qi dans le corps. Ces caract\u00e9ristiques lui permettront de prescrire le ou les traitements les plus appropri\u00e9s, que ce soit un changement de di\u00e8te, un traitement d\u2019acupuncture, moxa ou ventouse, etc.<\/span><\/p>\n<p>[\/et_pb_text][\/et_pb_column][\/et_pb_row][\/et_pb_section]<\/p>\n","protected":false},"excerpt":{"rendered":"<p>Diagnostic | MTC Sant\u00e9Le diagnostic est une m\u00e9thode destin\u00e9e \u00e0 analyser une maladie et \u00e0 recueillir des informations sur l\u2019\u00e9tat du patient. Les principales m\u00e9thodes du diagnostic en m\u00e9decine traditionnelle chinoise sont l\u2019observation, l\u2019auscultation, l\u2019interrogation et la palpation. On les appelle les quatre examens.Observation\u00a0: Teint, yeux, ongles, cheveux, respiration, \u00e9tat \u00e9motif, selles et autres excr\u00e9tions, [&hellip;]<\/p>\n","protected":false},"author":1,"featured_media":0,"parent":0,"menu_order":0,"comment_status":"closed","ping_status":"closed","template":"","meta":{"_et_pb_use_builder":"on","_et_pb_old_content":"","_et_gb_content_width":"","footnotes":""},"class_list":["post-37","page","type-page","status-publish","hentry"],"_links":{"self":[{"href":"https:\/\/mtcge.ch\/en\/wp-json\/wp\/v2\/pages\/37","targetHints":{"allow":["GET"]}}],"collection":[{"href":"https:\/\/mtcge.ch\/en\/wp-json\/wp\/v2\/pages"}],"about":[{"href":"https:\/\/mtcge.ch\/en\/wp-json\/wp\/v2\/types\/page"}],"author":[{"embeddable":true,"href":"https:\/\/mtcge.ch\/en\/wp-json\/wp\/v2\/users\/1"}],"replies":[{"embeddable":true,"href":"https:\/\/mtcge.ch\/en\/wp-json\/wp\/v2\/comments?post=37"}],"version-history":[{"count":9,"href":"https:\/\/mtcge.ch\/en\/wp-json\/wp\/v2\/pages\/37\/revisions"}],"predecessor-version":[{"id":997,"href":"https:\/\/mtcge.ch\/en\/wp-json\/wp\/v2\/pages\/37\/revisions\/997"}],"wp:attachment":[{"href":"https:\/\/mtcge.ch\/en\/wp-json\/wp\/v2\/media?parent=37"}],"curies":[{"name":"wp","href":"https:\/\/api.w.org\/{rel}","templated":true}]}}