{"id":36,"date":"2025-07-05T13:28:58","date_gmt":"2025-07-05T13:28:58","guid":{"rendered":"https:\/\/test.mtcge.ch\/?page_id=36"},"modified":"2025-08-28T22:55:11","modified_gmt":"2025-08-28T22:55:11","slug":"deroulement","status":"publish","type":"page","link":"https:\/\/mtcge.ch\/en\/deroulement\/","title":{"rendered":"Course"},"content":{"rendered":"<p>[et_pb_section fb_built=\u00a0\u00bb1&Prime; _builder_version=\u00a0\u00bb4.27.4&Prime; _module_preset=\u00a0\u00bbdefault\u00a0\u00bb use_background_color_gradient=\u00a0\u00bbon\u00a0\u00bb background_color_gradient_direction=\u00a0\u00bb90deg\u00a0\u00bb background_color_gradient_stops=\u00a0\u00bb#ffffff 0%|#dceed1 100%\u00a0\u00bb animation_style=\u00a0\u00bbfade\u00a0\u00bb locked=\u00a0\u00bboff\u00a0\u00bb global_colors_info=\u00a0\u00bb{}\u00a0\u00bb][et_pb_row _builder_version=\u00a0\u00bb4.27.4&Prime; _module_preset=\u00a0\u00bbdefault\u00a0\u00bb global_colors_info=\u00a0\u00bb{}\u00a0\u00bb][et_pb_column type=\u00a0\u00bb4_4&Prime; _builder_version=\u00a0\u00bb4.27.4&Prime; _module_preset=\u00a0\u00bbdefault\u00a0\u00bb global_colors_info=\u00a0\u00bb{}\u00a0\u00bb][et_pb_text _builder_version=\u00a0\u00bb4.27.4&Prime; _module_preset=\u00a0\u00bbdefault\u00a0\u00bb hover_enabled=\u00a0\u00bb0&Prime; global_colors_info=\u00a0\u00bb{}\u00a0\u00bb sticky_enabled=\u00a0\u00bb0&Prime;]<\/p>\n<h1><strong>D\u00e9roulement d&rsquo;une s\u00e9ance \u00e0 MTC Sant\u00e9<\/strong><\/h1>\n<p>[\/et_pb_text][\/et_pb_column][\/et_pb_row][et_pb_row _builder_version=\u00a0\u00bb4.27.4&Prime; _module_preset=\u00a0\u00bbdefault\u00a0\u00bb global_colors_info=\u00a0\u00bb{}\u00a0\u00bb][et_pb_column type=\u00a0\u00bb4_4&Prime; _builder_version=\u00a0\u00bb4.27.4&Prime; _module_preset=\u00a0\u00bbdefault\u00a0\u00bb global_colors_info=\u00a0\u00bb{}\u00a0\u00bb][et_pb_text _builder_version=\u00a0\u00bb4.27.4&Prime; _module_preset=\u00a0\u00bbdefault\u00a0\u00bb text_font_size=\u00a0\u00bb20px\u00a0\u00bb text_line_height=\u00a0\u00bb1.72em\u00a0\u00bb global_colors_info=\u00a0\u00bb{}\u00a0\u00bb]<\/p>\n<p><span>Lors de la premi\u00e8re consultation (45 minutes environ) le patient est re\u00e7u par la doctoresse Qian qui proc\u00e8de \u00e0 un diagnostic selon les m\u00e9thodes de la MTC. <\/p>\n<p>Il s\u2019en suit un dialogue avec le patient sur les m\u00e9thodes et la dur\u00e9e du traitement recommand\u00e9.<br \/><\/span><span><br \/>Le traitement par l&rsquo;acupuncture comprend en r\u00e8gle g\u00e9n\u00e9rale une cure de 10 \u00e0 20 s\u00e9ances (45 \u00e0 60 minutes par s\u00e9ance) . <\/p>\n<p>En M\u00e9decine Traditionnelle Chinoise, il n&rsquo;existe pas de traitement standard, mais des th\u00e9rapies adapt\u00e9es \u00e0 chaque individu qui tient compte des sp\u00e9cificit\u00e9s propre \u00e0 chacun.<\/span><\/p>\n<p>[\/et_pb_text][\/et_pb_column][\/et_pb_row][\/et_pb_section]<\/p>\n","protected":false},"excerpt":{"rendered":"<p>D\u00e9roulement d&rsquo;une s\u00e9ance \u00e0 MTC Sant\u00e9Lors de la premi\u00e8re consultation (45 minutes environ) le patient est re\u00e7u par la doctoresse Qian qui proc\u00e8de \u00e0 un diagnostic selon les m\u00e9thodes de la MTC. Il s\u2019en suit un dialogue avec le patient sur les m\u00e9thodes et la dur\u00e9e du traitement recommand\u00e9.Le traitement par l&rsquo;acupuncture comprend en r\u00e8gle [&hellip;]<\/p>\n","protected":false},"author":1,"featured_media":0,"parent":0,"menu_order":0,"comment_status":"closed","ping_status":"closed","template":"","meta":{"_et_pb_use_builder":"on","_et_pb_old_content":"","_et_gb_content_width":"","footnotes":""},"class_list":["post-36","page","type-page","status-publish","hentry"],"_links":{"self":[{"href":"https:\/\/mtcge.ch\/en\/wp-json\/wp\/v2\/pages\/36","targetHints":{"allow":["GET"]}}],"collection":[{"href":"https:\/\/mtcge.ch\/en\/wp-json\/wp\/v2\/pages"}],"about":[{"href":"https:\/\/mtcge.ch\/en\/wp-json\/wp\/v2\/types\/page"}],"author":[{"embeddable":true,"href":"https:\/\/mtcge.ch\/en\/wp-json\/wp\/v2\/users\/1"}],"replies":[{"embeddable":true,"href":"https:\/\/mtcge.ch\/en\/wp-json\/wp\/v2\/comments?post=36"}],"version-history":[{"count":9,"href":"https:\/\/mtcge.ch\/en\/wp-json\/wp\/v2\/pages\/36\/revisions"}],"predecessor-version":[{"id":996,"href":"https:\/\/mtcge.ch\/en\/wp-json\/wp\/v2\/pages\/36\/revisions\/996"}],"wp:attachment":[{"href":"https:\/\/mtcge.ch\/en\/wp-json\/wp\/v2\/media?parent=36"}],"curies":[{"name":"wp","href":"https:\/\/api.w.org\/{rel}","templated":true}]}}