{"id":33,"date":"2025-07-05T13:28:58","date_gmt":"2025-07-05T13:28:58","guid":{"rendered":"https:\/\/test.mtcge.ch\/?page_id=33"},"modified":"2026-04-02T14:08:43","modified_gmt":"2026-04-02T14:08:43","slug":"avis","status":"publish","type":"page","link":"https:\/\/mtcge.ch\/en\/avis\/","title":{"rendered":"Avis"},"content":{"rendered":"<p>[et_pb_section fb_built=\u00a0\u00bb1&Prime; _builder_version=\u00a0\u00bb4.27.4&Prime; _module_preset=\u00a0\u00bbdefault\u00a0\u00bb global_colors_info=\u00a0\u00bb{}\u00a0\u00bb][et_pb_row _builder_version=\u00a0\u00bb4.27.4&Prime; _module_preset=\u00a0\u00bbdefault\u00a0\u00bb global_colors_info=\u00a0\u00bb{}\u00a0\u00bb][et_pb_column type=\u00a0\u00bb4_4&Prime; _builder_version=\u00a0\u00bb4.27.4&Prime; _module_preset=\u00a0\u00bbdefault\u00a0\u00bb global_colors_info=\u00a0\u00bb{}\u00a0\u00bb][et_pb_text _builder_version=\u00a0\u00bb4.27.6&Prime; _module_preset=\u00a0\u00bbdefault\u00a0\u00bb animation_style=\u00a0\u00bbfade\u00a0\u00bb hover_enabled=\u00a0\u00bb0&Prime; global_colors_info=\u00a0\u00bb{}\u00a0\u00bb sticky_enabled=\u00a0\u00bb0&Prime;]<\/p>\n<h1><strong>Avis M\u00e9decine Traditionnelle Chinoise \u00e0 Gen\u00e8ve<\/strong><\/h1>\n<p><strong><\/strong><\/p>\n<p>[\/et_pb_text][\/et_pb_column][\/et_pb_row][et_pb_row column_structure=\u00a0\u00bb1_2,1_2&Prime; _builder_version=\u00a0\u00bb4.27.4&Prime; _module_preset=\u00a0\u00bbdefault\u00a0\u00bb animation_style=\u00a0\u00bbfade\u00a0\u00bb global_colors_info=\u00a0\u00bb{}\u00a0\u00bb][et_pb_column type=\u00a0\u00bb1_2&Prime; _builder_version=\u00a0\u00bb4.27.4&Prime; _module_preset=\u00a0\u00bbdefault\u00a0\u00bb global_colors_info=\u00a0\u00bb{}\u00a0\u00bb][et_pb_circle_counter title=\u00a0\u00bbsont satisfait des r\u00e9sultats\u00a0\u00bb number=\u00a0\u00bb95&Prime; _builder_version=\u00a0\u00bb4.27.4&Prime; _module_preset=\u00a0\u00bbdefault\u00a0\u00bb global_colors_info=\u00a0\u00bb{}\u00a0\u00bb][\/et_pb_circle_counter][\/et_pb_column][et_pb_column type=\u00a0\u00bb1_2&Prime; _builder_version=\u00a0\u00bb4.27.4&Prime; _module_preset=\u00a0\u00bbdefault\u00a0\u00bb global_colors_info=\u00a0\u00bb{}\u00a0\u00bb][et_pb_cta title=\u00a0\u00bbLe cabinet MTC Sant\u00e9 fait des heureux en bonne sant\u00e9 !\u00a0\u00bb button_text=\u00a0\u00bbClics\u00a0\u00bb _builder_version=\u00a0\u00bb4.27.4&Prime; _module_preset=\u00a0\u00bbdefault\u00a0\u00bb border_radii=\u00a0\u00bbon|20px|20px|20px|20px\u00a0\u00bb global_colors_info=\u00a0\u00bb{}\u00a0\u00bb]<\/p>\n<p>La Dre Qian s&rsquo;efforce toujours d&rsquo;\u00eatre \u00e0 l&rsquo;\u00e9coute des patients et de faire de son mieux pour obtenir des r\u00e9sultats concr\u00eats.<\/p>\n<p>[\/et_pb_cta][\/et_pb_column][\/et_pb_row][\/et_pb_section][et_pb_section fb_built=\u00a0\u00bb1&Prime; _builder_version=\u00a0\u00bb4.27.4&Prime; _module_preset=\u00a0\u00bbdefault\u00a0\u00bb animation_style=\u00a0\u00bbfade\u00a0\u00bb global_colors_info=\u00a0\u00bb{}\u00a0\u00bb][et_pb_row column_structure=\u00a0\u00bb1_2,1_2&Prime; _builder_version=\u00a0\u00bb4.27.4&Prime; _module_preset=\u00a0\u00bbdefault\u00a0\u00bb global_colors_info=\u00a0\u00bb{}\u00a0\u00bb][et_pb_column type=\u00a0\u00bb1_2&Prime; _builder_version=\u00a0\u00bb4.27.4&Prime; _module_preset=\u00a0\u00bbdefault\u00a0\u00bb global_colors_info=\u00a0\u00bb{}\u00a0\u00bb][et_pb_video src=\u00a0\u00bbhttps:\/\/test.mtcge.ch\/wp-content\/uploads\/2025\/07\/Chinmedvidclip.mp4&Prime; _builder_version=\u00a0\u00bb4.27.4&Prime; _module_preset=\u00a0\u00bbdefault\u00a0\u00bb border_radii=\u00a0\u00bbon|20px|20px|20px|20px\u00a0\u00bb global_colors_info=\u00a0\u00bb{}\u00a0\u00bb][\/et_pb_video][\/et_pb_column][et_pb_column type=\u00a0\u00bb1_2&Prime; _builder_version=\u00a0\u00bb4.27.4&Prime; _module_preset=\u00a0\u00bbdefault\u00a0\u00bb global_colors_info=\u00a0\u00bb{}\u00a0\u00bb][et_pb_text _builder_version=\u00a0\u00bb4.27.4&Prime; _module_preset=\u00a0\u00bbdefault\u00a0\u00bb global_colors_info=\u00a0\u00bb{}\u00a0\u00bb]<\/p>\n<h2><strong>Visite du Pr\u00e9sident de la Chine<\/strong><\/h2>\n<p>[\/et_pb_text][et_pb_text _builder_version=\u00a0\u00bb4.27.4&Prime; _module_preset=\u00a0\u00bbdefault\u00a0\u00bb global_colors_info=\u00a0\u00bb{}\u00a0\u00bb]<\/p>\n<p><span>La chaine de t\u00e9l\u00e9vision chinoise CCTV a profit\u00e9 Le Pr\u00e9sident Chinois Xi Jin Ping&rsquo;s visite pour rendre visite \u00e0 la Dr Qian de notre centre de m\u00e9dicine traditionnelle chinoise \u00e0 Gen\u00e8ve : MTC\u00a0 Sant\u00e9 Sarl.<\/span><span><br \/><\/span><span><br \/>Dr Qian dipl\u00f4m\u00e9e de l\u2019universit\u00e9 de M\u00e9decine traditionnelle chinoise en 1987 \u00e0 Chengdu en Chine a toujours \u00e9t\u00e9 l\u2019une des meilleures \u00e9tudiantes. Elle a remport\u00e9 le premier prix \u00e0 l\u2019examen national organis\u00e9 par le minist\u00e8re de la sant\u00e9 chinoise.<\/span><\/p>\n<p>[\/et_pb_text][\/et_pb_column][\/et_pb_row][\/et_pb_section][et_pb_section fb_built=\u00a0\u00bb1&Prime; _builder_version=\u00a0\u00bb4.27.4&Prime; _module_preset=\u00a0\u00bbdefault\u00a0\u00bb locked=\u00a0\u00bboff\u00a0\u00bb global_colors_info=\u00a0\u00bb{}\u00a0\u00bb][et_pb_row _builder_version=\u00a0\u00bb4.27.4&Prime; _module_preset=\u00a0\u00bbdefault\u00a0\u00bb global_colors_info=\u00a0\u00bb{}\u00a0\u00bb][et_pb_column type=\u00a0\u00bb4_4&Prime; _builder_version=\u00a0\u00bb4.27.4&Prime; _module_preset=\u00a0\u00bbdefault\u00a0\u00bb global_colors_info=\u00a0\u00bb{}\u00a0\u00bb][et_pb_text _builder_version=\u00a0\u00bb4.27.4&Prime; _module_preset=\u00a0\u00bbdefault\u00a0\u00bb animation_style=\u00a0\u00bbfade\u00a0\u00bb global_colors_info=\u00a0\u00bb{}\u00a0\u00bb]<\/p>\n<h2><strong>Avis des patients<\/strong><\/h2>\n<p>[\/et_pb_text][\/et_pb_column][\/et_pb_row][et_pb_row _builder_version=\u00a0\u00bb4.27.4&Prime; _module_preset=\u00a0\u00bbdefault\u00a0\u00bb global_colors_info=\u00a0\u00bb{}\u00a0\u00bb][et_pb_column type=\u00a0\u00bb4_4&Prime; _builder_version=\u00a0\u00bb4.27.4&Prime; _module_preset=\u00a0\u00bbdefault\u00a0\u00bb global_colors_info=\u00a0\u00bb{}\u00a0\u00bb][dica_divi_carousel show_items_desktop=\u00a0\u00bb1&Prime; show_items_tablet=\u00a0\u00bb1&Prime; transition_duration=\u00a0\u00bb600&Prime; loop=\u00a0\u00bbon\u00a0\u00bb autoplay=\u00a0\u00bbon\u00a0\u00bb hoverpause=\u00a0\u00bbon\u00a0\u00bb autoplay_speed=\u00a0\u00bb3000&Prime; arrow_nav=\u00a0\u00bbon\u00a0\u00bb lazy_loading=\u00a0\u00bbon\u00a0\u00bb arrow_nav_color=\u00a0\u00bb#000000&Prime; arrow_bg_color=\u00a0\u00bbRGBA(255,255,255,0)\u00a0\u00bb overlay_color_field_bgcolor=\u00a0\u00bbrgba(255,255,255,0.85)\u00a0\u00bb image_sizing=\u00a0\u00bb60%\u00a0\u00bb arrow_show_hover=\u00a0\u00bbon\u00a0\u00bb arrow_font_size=\u00a0\u00bb45px\u00a0\u00bb _builder_version=\u00a0\u00bb4.27.4&Prime; _module_preset=\u00a0\u00bbdefault\u00a0\u00bb global_colors_info=\u00a0\u00bb{}\u00a0\u00bb][dica_divi_carouselitem title=\u00a0\u00bbWei Li\u00a0\u00bb sub_title=\u00a0\u00bb\u2605\u2605\u2605\u2605\u2605\u00a0\u00bb button_url_new_window=\u00a0\u00bb1&Prime; _builder_version=\u00a0\u00bb4.27.4&Prime; _module_preset=\u00a0\u00bbdefault\u00a0\u00bb subtitle_text_color=\u00a0\u00bb#ffd700&Prime; link_option_url=\u00a0\u00bbhttps:\/\/www.google.com\/search?client=safari&#038;sca_esv=f186cf072ac0f3b9&#038;si=AMgyJEvkVjFQtirYNBhM3ZJIRTaSJ6PxY6y1_6WZHGInbzDnMVYg8LVAKC7nI4ECbGQ7gljhrz43YRdjcveibS68gtdqdN24RkUFx1TyVhfw-oUvJUhfCaktMMsyPs7QPADvTvaTOLxz2g4G3zv6v9S64KvHW8buo2EJhoaIVEWMqg5EWgJeWnW8zZ66KRaODf7hmv96TfPX&#038;q=Qian+Weihua+Cabinet+M%C3%A9decine+Traditionnelle+Chinoise+Reviews&#038;sa=X&#038;ved=2ahUKEwig9qz9sreOAxXbhP0HHaVKLZwQ0bkNegQIIBAE&#038;biw=1440&#038;bih=820&#038;dpr=2&Prime; link_option_url_new_window=\u00a0\u00bbon\u00a0\u00bb global_colors_info=\u00a0\u00bb{}\u00a0\u00bb]<\/p>\n<p><span>Acupuncture and heat cupping are very effective. They treated my allergies and hives very effectively. Doctor Qian is very professional; she&rsquo;s always attentive to the patient and pleasant to talk to. I&rsquo;m satisfied and convinced by the results!<\/span><\/p>\n<p>[\/dica_divi_carouselitem][dica_divi_carouselitem title=\u00a0\u00bbFanny Delaporte\u00a0\u00bb sub_title=\u00a0\u00bb\u2605\u2605\u2605\u2605\u2605\u00a0\u00bb button_url_new_window=\u00a0\u00bb1&Prime; _builder_version=\u00a0\u00bb4.27.4&Prime; _module_preset=\u00a0\u00bbdefault\u00a0\u00bb subtitle_text_color=\u00a0\u00bb#ffd700&Prime; link_option_url=\u00a0\u00bbhttps:\/\/www.google.com\/search?client=safari&#038;sca_esv=f186cf072ac0f3b9&#038;si=AMgyJEvkVjFQtirYNBhM3ZJIRTaSJ6PxY6y1_6WZHGInbzDnMVYg8LVAKC7nI4ECbGQ7gljhrz43YRdjcveibS68gtdqdN24RkUFx1TyVhfw-oUvJUhfCaktMMsyPs7QPADvTvaTOLxz2g4G3zv6v9S64KvHW8buo2EJhoaIVEWMqg5EWgJeWnW8zZ66KRaODf7hmv96TfPX&#038;q=Qian+Weihua+Cabinet+M%C3%A9decine+Traditionnelle+Chinoise+Reviews&#038;sa=X&#038;ved=2ahUKEwig9qz9sreOAxXbhP0HHaVKLZwQ0bkNegQIIBAE&#038;biw=1440&#038;bih=820&#038;dpr=2&Prime; link_option_url_new_window=\u00a0\u00bbon\u00a0\u00bb global_colors_info=\u00a0\u00bb{}\u00a0\u00bb]<\/p>\n<p><span>Excellent practitioner, attentive and the results are exceptional. A great professional and living up to her excellent reputation in Geneva.<\/span><\/p>\n<p>[\/dica_divi_carouselitem][dica_divi_carouselitem title=\u00a0\u00bbYi Q\u00a0\u00bb sub_title=\u00a0\u00bb\u2605\u2605\u2605\u2605\u2605\u00a0\u00bb button_url_new_window=\u00a0\u00bb1&Prime; _builder_version=\u00a0\u00bb4.27.4&Prime; _module_preset=\u00a0\u00bbdefault\u00a0\u00bb subtitle_text_color=\u00a0\u00bb#ffd700&Prime; link_option_url=\u00a0\u00bbhttps:\/\/www.google.com\/search?client=safari&#038;sca_esv=f186cf072ac0f3b9&#038;si=AMgyJEvkVjFQtirYNBhM3ZJIRTaSJ6PxY6y1_6WZHGInbzDnMVYg8LVAKC7nI4ECbGQ7gljhrz43YRdjcveibS68gtdqdN24RkUFx1TyVhfw-oUvJUhfCaktMMsyPs7QPADvTvaTOLxz2g4G3zv6v9S64KvHW8buo2EJhoaIVEWMqg5EWgJeWnW8zZ66KRaODf7hmv96TfPX&#038;q=Qian+Weihua+Cabinet+M%C3%A9decine+Traditionnelle+Chinoise+Reviews&#038;sa=X&#038;ved=2ahUKEwig9qz9sreOAxXbhP0HHaVKLZwQ0bkNegQIIBAE&#038;biw=1440&#038;bih=820&#038;dpr=2&Prime; link_option_url_new_window=\u00a0\u00bbon\u00a0\u00bb global_colors_info=\u00a0\u00bb{}\u00a0\u00bb]<\/p>\n<p><span>Super efficient for the headache that has been bothering me for quite some time.<\/span><\/p>\n<p>[\/dica_divi_carouselitem][dica_divi_carouselitem title=\u00a0\u00bbphoebe kwet-dolo\u00a0\u00bb sub_title=\u00a0\u00bb\u2605\u2605\u2605\u2605\u2605\u00a0\u00bb button_url_new_window=\u00a0\u00bb1&Prime; _builder_version=\u00a0\u00bb4.27.4&Prime; _module_preset=\u00a0\u00bbdefault\u00a0\u00bb subtitle_text_color=\u00a0\u00bb#ffd700&Prime; link_option_url=\u00a0\u00bbhttps:\/\/www.google.com\/search?client=safari&#038;sca_esv=f186cf072ac0f3b9&#038;si=AMgyJEvkVjFQtirYNBhM3ZJIRTaSJ6PxY6y1_6WZHGInbzDnMVYg8LVAKC7nI4ECbGQ7gljhrz43YRdjcveibS68gtdqdN24RkUFx1TyVhfw-oUvJUhfCaktMMsyPs7QPADvTvaTOLxz2g4G3zv6v9S64KvHW8buo2EJhoaIVEWMqg5EWgJeWnW8zZ66KRaODf7hmv96TfPX&#038;q=Qian+Weihua+Cabinet+M%C3%A9decine+Traditionnelle+Chinoise+Reviews&#038;sa=X&#038;ved=2ahUKEwig9qz9sreOAxXbhP0HHaVKLZwQ0bkNegQIIBAE&#038;biw=1440&#038;bih=820&#038;dpr=2&Prime; link_option_url_new_window=\u00a0\u00bbon\u00a0\u00bb global_colors_info=\u00a0\u00bb{}\u00a0\u00bb]<\/p>\n<p><span>An excellent practitioner with years of experience. Able to identify the source of the problem and heals it. Highly recommended !<\/span><\/p>\n<p>[\/dica_divi_carouselitem][\/dica_divi_carousel][\/et_pb_column][\/et_pb_row][\/et_pb_section]<\/p>\n","protected":false},"excerpt":{"rendered":"<p>Avis M\u00e9decine Traditionnelle Chinoise \u00e0 Gen\u00e8ve La Dre Qian s&rsquo;efforce toujours d&rsquo;\u00eatre \u00e0 l&rsquo;\u00e9coute des patients et de faire de son mieux pour obtenir des r\u00e9sultats concr\u00eats.Visite du Pr\u00e9sident de la ChineLa chaine de t\u00e9l\u00e9vision chinoise CCTV a profit\u00e9 Le Pr\u00e9sident Chinois Xi Jin Ping&rsquo;s visite pour rendre visite \u00e0 la Dr Qian de notre [&hellip;]<\/p>\n","protected":false},"author":1,"featured_media":0,"parent":0,"menu_order":0,"comment_status":"closed","ping_status":"closed","template":"","meta":{"_et_pb_use_builder":"on","_et_pb_old_content":"","_et_gb_content_width":"","footnotes":""},"class_list":["post-33","page","type-page","status-publish","hentry"],"_links":{"self":[{"href":"https:\/\/mtcge.ch\/en\/wp-json\/wp\/v2\/pages\/33","targetHints":{"allow":["GET"]}}],"collection":[{"href":"https:\/\/mtcge.ch\/en\/wp-json\/wp\/v2\/pages"}],"about":[{"href":"https:\/\/mtcge.ch\/en\/wp-json\/wp\/v2\/types\/page"}],"author":[{"embeddable":true,"href":"https:\/\/mtcge.ch\/en\/wp-json\/wp\/v2\/users\/1"}],"replies":[{"embeddable":true,"href":"https:\/\/mtcge.ch\/en\/wp-json\/wp\/v2\/comments?post=33"}],"version-history":[{"count":20,"href":"https:\/\/mtcge.ch\/en\/wp-json\/wp\/v2\/pages\/33\/revisions"}],"predecessor-version":[{"id":1079,"href":"https:\/\/mtcge.ch\/en\/wp-json\/wp\/v2\/pages\/33\/revisions\/1079"}],"wp:attachment":[{"href":"https:\/\/mtcge.ch\/en\/wp-json\/wp\/v2\/media?parent=33"}],"curies":[{"name":"wp","href":"https:\/\/api.w.org\/{rel}","templated":true}]}}